{"id":4569,"date":"2015-07-10T22:55:27","date_gmt":"2015-07-10T19:55:27","guid":{"rendered":"http:\/\/www.oguztanselsempozyumu.com\/?page_id=4569"},"modified":"2017-07-25T08:43:51","modified_gmt":"2017-07-25T05:43:51","slug":"sempozyum-hakkinda","status":"publish","type":"page","link":"http:\/\/www.oguztanselsempozyumu.com\/en\/sempozyum-hakkinda\/","title":{"rendered":"About the Symposium"},"content":{"rendered":"<ul class=\"su-posts su-posts-list-loop\">\n<li id=\"su-post-5229\" class=\"su-post\"><a href=\"http:\/\/www.oguztanselsempozyumu.com\/en\/guncel-sanat-2017\/\">(Turkish) G\u00fcncel Sanat 2017<\/a><\/li>\n<li id=\"su-post-5225\" class=\"su-post\"><a href=\"http:\/\/www.oguztanselsempozyumu.com\/en\/sibel-yilmaz-ayrinti-dergi-2016\/\">(Turkish) Sibel Y\u0131lmaz  Ayr\u0131nt\u0131 Dergi 2016<\/a><\/li>\n<li id=\"su-post-5171\" class=\"su-post\"><a href=\"http:\/\/www.oguztanselsempozyumu.com\/en\/ozan-yesulyurt-tagungsbericht-2016\/\">Ozan-Ye\u015filyurt Tagungsbericht 2016<\/a><\/li>\n<li id=\"su-post-5160\" class=\"su-post\"><a href=\"http:\/\/www.oguztanselsempozyumu.com\/en\/sempozyum-hakkinda-sayfa\/\">About the Symposium<\/a><\/li>\n<\/ul>\n\n","protected":false},"excerpt":{"rendered":"","protected":false},"author":1,"featured_media":0,"parent":0,"menu_order":0,"comment_status":"open","ping_status":"open","template":"nosidebar.php","meta":[],"_links":{"self":[{"href":"http:\/\/www.oguztanselsempozyumu.com\/en\/wp-json\/wp\/v2\/pages\/4569"}],"collection":[{"href":"http:\/\/www.oguztanselsempozyumu.com\/en\/wp-json\/wp\/v2\/pages"}],"about":[{"href":"http:\/\/www.oguztanselsempozyumu.com\/en\/wp-json\/wp\/v2\/types\/page"}],"author":[{"embeddable":true,"href":"http:\/\/www.oguztanselsempozyumu.com\/en\/wp-json\/wp\/v2\/users\/1"}],"replies":[{"embeddable":true,"href":"http:\/\/www.oguztanselsempozyumu.com\/en\/wp-json\/wp\/v2\/comments?post=4569"}],"version-history":[{"count":21,"href":"http:\/\/www.oguztanselsempozyumu.com\/en\/wp-json\/wp\/v2\/pages\/4569\/revisions"}],"predecessor-version":[{"id":5246,"href":"http:\/\/www.oguztanselsempozyumu.com\/en\/wp-json\/wp\/v2\/pages\/4569\/revisions\/5246"}],"wp:attachment":[{"href":"http:\/\/www.oguztanselsempozyumu.com\/en\/wp-json\/wp\/v2\/media?parent=4569"}],"curies":[{"name":"wp","href":"https:\/\/api.w.org\/{rel}","templated":true}]}}