{"id":4583,"date":"2015-07-10T22:57:16","date_gmt":"2015-07-10T19:57:16","guid":{"rendered":"http:\/\/www.oguztanselsempozyumu.com\/?page_id=4583"},"modified":"2016-05-28T21:45:59","modified_gmt":"2016-05-28T18:45:59","slug":"iletisim","status":"publish","type":"page","link":"http:\/\/www.oguztanselsempozyumu.com\/en\/iletisim\/","title":{"rendered":"Contact"},"content":{"rendered":"<p style=\"text-align: left;\"><iframe loading=\"lazy\" style=\"border: 0;\" src=\"https:\/\/www.google.com\/maps\/embed?pb=!1m18!1m12!1m3!1d1529.8217843903246!2d32.87411799999999!3d39.926992!2m3!1f0!2f0!3f0!3m2!1i1024!2i768!4f13.1!3m3!1m2!1s0x0%3A0x0!2zMznCsDU1JzM3LjIiTiAzMsKwNTInMjYuOCJF!5e0!3m2!1str!2s!4v1437511834764\" width=\"100%\" height=\"450\" frameborder=\"0\" allowfullscreen=\"allowfullscreen\"><\/iframe><\/p>\n<p style=\"text-align: right;\"><div role=\"form\" class=\"wpcf7\" id=\"wpcf7-f4896-o2\" lang=\"tr-TR\" dir=\"ltr\">\n<div class=\"screen-reader-response\"><\/div>\n<form action=\"\/en\/wp-json\/wp\/v2\/pages\/4583#wpcf7-f4896-o2\" method=\"post\" class=\"wpcf7-form\" novalidate=\"novalidate\">\n<div style=\"display: none;\">\n<input type=\"hidden\" name=\"_wpcf7\" value=\"4896\" \/>\n<input type=\"hidden\" name=\"_wpcf7_version\" value=\"4.6\" \/>\n<input type=\"hidden\" name=\"_wpcf7_locale\" value=\"tr_TR\" \/>\n<input type=\"hidden\" name=\"_wpcf7_unit_tag\" value=\"wpcf7-f4896-o2\" \/>\n<input type=\"hidden\" name=\"_wpnonce\" value=\"cf08ac8879\" \/>\n<\/div>\n<p>Name (Required)<br \/>\n    <span class=\"wpcf7-form-control-wrap your-name\"><input type=\"text\" name=\"your-name\" value=\"\" size=\"40\" class=\"wpcf7-form-control wpcf7-text wpcf7-validates-as-required\" aria-required=\"true\" aria-invalid=\"false\" \/><\/span> <\/p>\n<p>E-Mail (Required)<br \/>\n    <span class=\"wpcf7-form-control-wrap your-email\"><input type=\"email\" name=\"your-email\" value=\"\" size=\"40\" class=\"wpcf7-form-control wpcf7-text wpcf7-email wpcf7-validates-as-required wpcf7-validates-as-email\" aria-required=\"true\" aria-invalid=\"false\" \/><\/span> <\/p>\n<p>Subject<br \/>\n    <span class=\"wpcf7-form-control-wrap your-subject\"><input type=\"text\" name=\"your-subject\" value=\"\" size=\"40\" class=\"wpcf7-form-control wpcf7-text\" aria-invalid=\"false\" \/><\/span> <\/p>\n<p>Message<br \/>\n    <span class=\"wpcf7-form-control-wrap your-message\"><textarea name=\"your-message\" cols=\"40\" rows=\"10\" class=\"wpcf7-form-control wpcf7-textarea\" aria-invalid=\"false\"><\/textarea><\/span> <\/p>\n<p><input type=\"submit\" value=\"Send\" class=\"wpcf7-form-control wpcf7-submit\" \/><\/p>\n<div class=\"wpcf7-response-output wpcf7-display-none\"><\/div><\/form><\/div>\n<p style=\"text-align: left;\">Ar\u015f. G\u00f6r. Sedat KARAG\u00dcL<\/p>\n<p style=\"text-align: left;\">Work: (0312) 363 33 50 \/ 3220<\/p>\n<p style=\"text-align: left;\">Mobile Phone: (0535) 526 99 07<\/p>\n<p style=\"text-align: left;\">E-Mail: sedatkaragul@gmail.com<\/p>","protected":false},"excerpt":{"rendered":"<p>Ar\u015f. G\u00f6r. Sedat KARAG\u00dcL Work: (0312) 363 33 50 \/ 3220 Mobile Phone: (0535) 526 99 07 E-Mail: sedatkaragul@gmail.com<\/p>\n","protected":false},"author":1,"featured_media":0,"parent":0,"menu_order":0,"comment_status":"open","ping_status":"open","template":"template-fullwidth.php","meta":[],"_links":{"self":[{"href":"http:\/\/www.oguztanselsempozyumu.com\/en\/wp-json\/wp\/v2\/pages\/4583"}],"collection":[{"href":"http:\/\/www.oguztanselsempozyumu.com\/en\/wp-json\/wp\/v2\/pages"}],"about":[{"href":"http:\/\/www.oguztanselsempozyumu.com\/en\/wp-json\/wp\/v2\/types\/page"}],"author":[{"embeddable":true,"href":"http:\/\/www.oguztanselsempozyumu.com\/en\/wp-json\/wp\/v2\/users\/1"}],"replies":[{"embeddable":true,"href":"http:\/\/www.oguztanselsempozyumu.com\/en\/wp-json\/wp\/v2\/comments?post=4583"}],"version-history":[{"count":9,"href":"http:\/\/www.oguztanselsempozyumu.com\/en\/wp-json\/wp\/v2\/pages\/4583\/revisions"}],"predecessor-version":[{"id":4898,"href":"http:\/\/www.oguztanselsempozyumu.com\/en\/wp-json\/wp\/v2\/pages\/4583\/revisions\/4898"}],"wp:attachment":[{"href":"http:\/\/www.oguztanselsempozyumu.com\/en\/wp-json\/wp\/v2\/media?parent=4583"}],"curies":[{"name":"wp","href":"https:\/\/api.w.org\/{rel}","templated":true}]}}