{"id":4813,"date":"2016-03-22T20:39:20","date_gmt":"2016-03-22T18:39:20","guid":{"rendered":"http:\/\/www.oguztanselsempozyumu.com\/?page_id=4813"},"modified":"2016-06-16T09:30:27","modified_gmt":"2016-06-16T06:30:27","slug":"bilim-kurulu","status":"publish","type":"page","link":"http:\/\/www.oguztanselsempozyumu.com\/en\/bilim-kurulu\/","title":{"rendered":"Scientific Committee"},"content":{"rendered":"<table style=\"height: auto;\" width=\"100%\">\n<tbody>\n<tr>\n<td width=\"355\"><strong>Name<\/strong><\/td>\n<td width=\"355\"><strong>Institution<\/strong><\/td>\n<td width=\"355\"><strong>Country<\/strong><\/td>\n<\/tr>\n<tr>\n<td width=\"335\">Prof. Dr. \u0130lhan <strong>BA\u015eG\u00d6Z<\/strong><\/td>\n<td width=\"335\">Middle East Technical University<\/td>\n<td width=\"335\">Turkey<\/td>\n<\/tr>\n<tr>\n<td width=\"335\">Prof. Dr. Valentina <strong>BOLD<\/strong><\/td>\n<td width=\"335\">University of Glasgow<\/td>\n<td width=\"335\">Scotchland<\/td>\n<\/tr>\n<tr>\n<td width=\"335\">Prof. Dr. Michel <strong>BOZDEM\u0130R<\/strong><\/td>\n<td width=\"335\">P\u00f4le des Langues et Civillisations<\/td>\n<td width=\"335\">France<\/td>\n<\/tr>\n<tr>\n<td width=\"355\">Prof. Dr. Ray <strong>CASHMAN<\/strong><\/td>\n<td width=\"355\">Indiana University<\/td>\n<td width=\"355\">USA<\/td>\n<\/tr>\n<tr>\n<td width=\"245\">Prof. Dr. Habib <strong>DERZ\u0130NEVES\u0130<\/strong><\/td>\n<td width=\"255\">Yak\u0131n Do\u011fu \u00dcniversitesi<\/td>\n<td width=\"104\">KKTC<\/td>\n<\/tr>\n<tr>\n<td width=\"245\">Prof. Dr. Selahattin <strong>D\u0130L\u0130D\u00dcZG\u00dcN<\/strong><\/td>\n<td width=\"255\">\u0130stanbul University<\/td>\n<td width=\"104\">Turkey<\/td>\n<\/tr>\n<tr>\n<td width=\"245\">Prof. Dr. Remy <strong>DOR<\/strong><\/td>\n<td width=\"255\">EHESS\/College de France<\/td>\n<td width=\"104\">France<\/td>\n<\/tr>\n<tr>\n<td width=\"245\">Prof. Dr. Haluk <strong>ERDEM<\/strong><\/td>\n<td width=\"255\">University of Ankara (\u00c7OGEM)<\/td>\n<td width=\"104\">Turkey<\/td>\n<\/tr>\n<tr>\n<td width=\"245\">Prof. Dr. Hans-Heino <strong>EWERS<\/strong><\/td>\n<td width=\"255\">J. W. Goethe Universtate<\/td>\n<td width=\"104\">Germary<\/td>\n<\/tr>\n<tr>\n<td width=\"245\">Prof. Dr. Metin <strong>KARADA\u011e<\/strong><\/td>\n<td width=\"255\">International U. Of Cyprus<\/td>\n<td width=\"104\">N. Cyprus<\/td>\n<\/tr>\n<tr>\n<td width=\"245\">Prof. Dr. Yasemin <strong>KARAMAN<\/strong> <strong>KEPENEKC\u0130<\/strong><\/td>\n<td width=\"255\">University of Ankara (\u00c7OGEM)<\/td>\n<td width=\"104\">Turkey<\/td>\n<\/tr>\n<tr>\n<td width=\"245\">Prof. Dr. Cahit <strong>KAVCAR<\/strong><\/td>\n<td width=\"255\">University of Ankara<\/td>\n<td width=\"104\">Turkey<\/td>\n<\/tr>\n<tr>\n<td width=\"245\">Prof. Dr. Muhtar <strong>KUTLU<\/strong><\/td>\n<td width=\"255\">University of Ankara<\/td>\n<td width=\"104\">Turkey<\/td>\n<\/tr>\n<tr>\n<td width=\"245\">Prof. Dr. Felicity <strong>LUFKIN<\/strong><\/td>\n<td width=\"255\">Harvard University<\/td>\n<td width=\"104\">USA<\/td>\n<\/tr>\n<tr>\n<td width=\"245\">Prof. Dr. Mohsun <strong>NAG\u0130SOYLU<\/strong><\/td>\n<td width=\"255\">Azerbaijan N. Academy of Sciences<\/td>\n<td width=\"104\">Azerbaijan<\/td>\n<\/tr>\n<tr>\n<td width=\"245\">Prof. Dr. Michele <strong>NICOLES<\/strong><\/td>\n<td width=\"255\">Centre N. de la Recherche Scientifique<\/td>\n<td width=\"104\">France<\/td>\n<\/tr>\n<tr>\n<td width=\"245\">Prof. Dr. Eunkyung <strong>OH<\/strong><\/td>\n<td width=\"255\">Dongduk Wolen\u2019s University<\/td>\n<td width=\"104\">S. Korea<\/td>\n<\/tr>\n<tr>\n<td width=\"245\">Prof. Dr. Bedriye <strong>\u00d6NC\u00dc \u00c7ET\u0130NKAYA<\/strong><\/td>\n<td width=\"255\">University of Ankara (\u00c7OGEM)<\/td>\n<td width=\"104\">Turkey<\/td>\n<\/tr>\n<tr>\n<td width=\"245\">Prof. Dr. Murat <strong>\u00d6ZBAY<\/strong><\/td>\n<td width=\"255\">Gazi University<\/td>\n<td width=\"104\">Turkey<\/td>\n<\/tr>\n<tr>\n<td width=\"245\">Prof. Dr. Maria Ines <strong>PALLEIRO<\/strong><\/td>\n<td width=\"255\">Buenos Aires University<\/td>\n<td width=\"104\">Argentina<\/td>\n<\/tr>\n<tr>\n<td width=\"245\">Prof. Dr. Sedat <strong>SEVER<\/strong><\/td>\n<td width=\"255\">University of Ankara (\u00c7OGEM)<\/td>\n<td width=\"104\">Turkey<\/td>\n<\/tr>\n<tr>\n<td width=\"245\">Prof. Dr. Paul <strong>SMITH<\/strong><\/td>\n<td width=\"255\">Memorial University<\/td>\n<td width=\"104\">Canada<\/td>\n<\/tr>\n<tr>\n<td width=\"245\">Prof. Dr. Babahan <strong>\u015eER\u0130F<\/strong><\/td>\n<td width=\"255\">Ta\u015fkent University<\/td>\n<td width=\"104\">Uzbekistan<\/td>\n<\/tr>\n<tr>\n<td width=\"245\">Associate Prof. Dr. \u00d6mer <strong>ADIG\u00dcZEL<\/strong><\/td>\n<td width=\"255\">University of Ankara (\u00c7OGEM)<\/td>\n<td width=\"104\">Turkey<\/td>\n<\/tr>\n<tr>\n<td width=\"245\">Associate Prof. Dr. Nevin <strong>AKKAYA<\/strong><\/td>\n<td width=\"255\">September Ninth University<\/td>\n<td width=\"104\">Turkey<\/td>\n<\/tr>\n<tr>\n<td width=\"245\">Associate Prof. Dr. Fedora <strong>ARNAUT<\/strong><\/td>\n<td width=\"255\">Kiev N. Taras Sevchenko U.<\/td>\n<td width=\"104\">Ukraine<\/td>\n<\/tr>\n<tr>\n<td width=\"245\">Associate Prof. Dr. Canan <strong>ASLAN<\/strong><\/td>\n<td width=\"255\">University of Ankara (\u00c7OGEM)<\/td>\n<td width=\"104\">Turkey<\/td>\n<\/tr>\n<tr>\n<td width=\"245\">Associate Prof. Dr. Bayram <strong>BA\u015e<\/strong><\/td>\n<td width=\"255\">Y\u0131ld\u0131z Technical University<\/td>\n<td width=\"104\">Turkey<\/td>\n<\/tr>\n<tr>\n<td width=\"245\">Associate Prof. Dr. Iryna <strong>DRYGA<\/strong><\/td>\n<td width=\"255\">Ukraine N. Academy of Sciences<\/td>\n<td width=\"104\">Ukraine<\/td>\n<\/tr>\n<tr>\n<td width=\"245\">Associate Prof. Dr. Elmira <strong>MEMMEDOVA-KEKE\u00c7<\/strong><\/td>\n<td width=\"255\">Azerbaijan N. Academy of Sciences<\/td>\n<td width=\"104\">Azerbaijan<\/td>\n<\/tr>\n<tr>\n<td width=\"245\">Associate Prof. Dr. \u015eevket <strong>\u00d6ZNUR<\/strong><\/td>\n<td width=\"255\">Near Eastern University<\/td>\n<td width=\"104\">N. Cyprus<\/td>\n<\/tr>\n<tr>\n<td width=\"245\">Associate Prof. Dr. Dilber <strong>ULA\u015e<\/strong><\/td>\n<td width=\"255\">University of Ankara (\u00c7OGEM)<\/td>\n<td width=\"104\">Turkey<\/td>\n<\/tr>\n<tr>\n<td width=\"245\">Associate Prof. Dr. Grazyna <strong>ZAJAC<\/strong><\/td>\n<td width=\"255\">Institut Orientalistky Uj<\/td>\n<td width=\"104\">Poland<\/td>\n<\/tr>\n<tr>\n<td width=\"245\">Asst. Prof. Dr. Kevser <strong>KO\u00c7<\/strong><\/td>\n<td width=\"255\">Gaziantep University<\/td>\n<td width=\"104\">Turkey<\/td>\n<\/tr>\n<tr>\n<td width=\"245\">Dr. Claudia <strong>PECHER<\/strong><\/td>\n<td width=\"255\">J. W. Goethe Univernsitat<\/td>\n<td width=\"104\">Germany<\/td>\n<\/tr>\n<tr>\n<td width=\"245\">Emin <strong>\u00d6ZDEM\u0130R<\/strong><\/td>\n<td width=\"255\">University of Ankara<\/td>\n<td width=\"104\">Turkey<\/td>\n<\/tr>\n<tr>\n<td width=\"245\">Mustafa Ruhi <strong>\u015e\u0130R\u0130N<\/strong><\/td>\n<td width=\"255\">President of Children\u2019s Foundation<\/td>\n<td width=\"104\">Turkey<\/td>\n<\/tr>\n<\/tbody>\n<\/table>","protected":false},"excerpt":{"rendered":"<p>Name Institution Country Prof. Dr. \u0130lhan BA\u015eG\u00d6Z Middle East Technical University Turkey Prof. Dr. Valentina BOLD University of Glasgow Scotchland Prof. Dr. Michel BOZDEM\u0130R P\u00f4le des Langues et Civillisations France Prof. Dr. Ray CASHMAN Indiana University USA Prof. Dr. Habib DERZ\u0130NEVES\u0130 Yak\u0131n Do\u011fu \u00dcniversitesi KKTC Prof. Dr. Selahattin D\u0130L\u0130D\u00dcZG\u00dcN \u0130stanbul University Turkey Prof. Dr. Remy &hellip;<\/p>\n","protected":false},"author":1,"featured_media":0,"parent":0,"menu_order":0,"comment_status":"closed","ping_status":"closed","template":"nosidebar.php","meta":[],"_links":{"self":[{"href":"http:\/\/www.oguztanselsempozyumu.com\/en\/wp-json\/wp\/v2\/pages\/4813"}],"collection":[{"href":"http:\/\/www.oguztanselsempozyumu.com\/en\/wp-json\/wp\/v2\/pages"}],"about":[{"href":"http:\/\/www.oguztanselsempozyumu.com\/en\/wp-json\/wp\/v2\/types\/page"}],"author":[{"embeddable":true,"href":"http:\/\/www.oguztanselsempozyumu.com\/en\/wp-json\/wp\/v2\/users\/1"}],"replies":[{"embeddable":true,"href":"http:\/\/www.oguztanselsempozyumu.com\/en\/wp-json\/wp\/v2\/comments?post=4813"}],"version-history":[{"count":23,"href":"http:\/\/www.oguztanselsempozyumu.com\/en\/wp-json\/wp\/v2\/pages\/4813\/revisions"}],"predecessor-version":[{"id":4917,"href":"http:\/\/www.oguztanselsempozyumu.com\/en\/wp-json\/wp\/v2\/pages\/4813\/revisions\/4917"}],"wp:attachment":[{"href":"http:\/\/www.oguztanselsempozyumu.com\/en\/wp-json\/wp\/v2\/media?parent=4813"}],"curies":[{"name":"wp","href":"https:\/\/api.w.org\/{rel}","templated":true}]}}